{"id":2827,"date":"2019-11-26T22:50:39","date_gmt":"2019-11-26T21:50:39","guid":{"rendered":"https:\/\/coachingausbildung.academy\/?page_id=2827"},"modified":"2020-08-11T16:42:59","modified_gmt":"2020-08-11T14:42:59","slug":"sitemap","status":"publish","type":"page","link":"https:\/\/alpha02.com\/ILM-WEBDATA\/coachingausbildung\/sitemap\/","title":{"rendered":"Sitemap"},"content":{"rendered":"<div id=\"simple-sitemap-container-69de90f93478b\" class=\"simple-sitemap-container simple-sitemap-container-69de90f93478b tab-disabled\"><div class=\"simple-sitemap-wrap\"><h3 class=\"post-type\">Seiten<\/h3><ul class=\"simple-sitemap-page main\"><li class=\"sitemap-item page_item page-item-76\"><a href=\"https:\/\/alpha02.com\/ILM-WEBDATA\/coachingausbildung\/blog-coachingausbildung\/\">Blog<\/a><\/li>\n<li class=\"sitemap-item page_item page-item-636\"><a href=\"https:\/\/alpha02.com\/ILM-WEBDATA\/coachingausbildung\/business-coach-ausbildung\/\">Business Coach Ausbildung<\/a><\/li>\n<li class=\"sitemap-item page_item page-item-4652\"><a href=\"https:\/\/alpha02.com\/ILM-WEBDATA\/coachingausbildung\/calendly\/\">Calendly<\/a><\/li>\n<li class=\"sitemap-item page_item page-item-4537\"><a href=\"https:\/\/alpha02.com\/ILM-WEBDATA\/coachingausbildung\/coaching-ausbildung-darmstadt\/\">Coaching Ausbildung Darmstadt<\/a><\/li>\n<li class=\"sitemap-item page_item page-item-2739\"><a href=\"https:\/\/alpha02.com\/ILM-WEBDATA\/coachingausbildung\/coaching-ausbildung-faq\/\">Coaching Ausbildung FAQ<\/a><\/li>\n<li class=\"sitemap-item page_item page-item-4545\"><a href=\"https:\/\/alpha02.com\/ILM-WEBDATA\/coachingausbildung\/coaching-ausbildung-heidelberg\/\">Coaching Ausbildung Heidelberg<\/a><\/li>\n<li class=\"sitemap-item page_item page-item-4549\"><a href=\"https:\/\/alpha02.com\/ILM-WEBDATA\/coachingausbildung\/coaching-ausbildung-karlsruhe\/\">Coaching Ausbildung Karlsruhe<\/a><\/li>\n<li class=\"sitemap-item page_item page-item-4528\"><a href=\"https:\/\/alpha02.com\/ILM-WEBDATA\/coachingausbildung\/coaching-ausbildung-koeln\/\">Coaching Ausbildung K\u00f6ln<\/a><\/li>\n<li class=\"sitemap-item page_item page-item-7\"><a href=\"https:\/\/alpha02.com\/ILM-WEBDATA\/coachingausbildung\/coachingausbildung-kontakt\/\">Coaching Ausbildung Kontakt<\/a><\/li>\n<li class=\"sitemap-item page_item page-item-78 page_item_has_children\"><a href=\"https:\/\/alpha02.com\/ILM-WEBDATA\/coachingausbildung\/kundenstimmen\/\">Coaching Ausbildung Kundenstimmen<\/a>\n<ul class='children'>\n\t<li class=\"sitemap-item page_item page-item-2554\"><a href=\"https:\/\/alpha02.com\/ILM-WEBDATA\/coachingausbildung\/kundenstimmen\/coaching-ausbildung-kundenstimmen-audio\/\">Coaching Ausbildung Kundenstimmen Audio<\/a><\/li>\n<\/ul>\n<\/li>\n<li class=\"sitemap-item page_item page-item-4543\"><a href=\"https:\/\/alpha02.com\/ILM-WEBDATA\/coachingausbildung\/coaching-ausbildung-mainz\/\">Coaching Ausbildung Mainz<\/a><\/li>\n<li class=\"sitemap-item page_item page-item-4539\"><a href=\"https:\/\/alpha02.com\/ILM-WEBDATA\/coachingausbildung\/coaching-ausbildung-mannheim\/\">Coaching Ausbildung Mannheim<\/a><\/li>\n<li class=\"sitemap-item page_item page-item-2890\"><a href=\"https:\/\/alpha02.com\/ILM-WEBDATA\/coachingausbildung\/coaching-ausbildung-ratgeber\/\">Coaching Ausbildung Ratgeber<\/a><\/li>\n<li class=\"sitemap-item page_item page-item-4547\"><a href=\"https:\/\/alpha02.com\/ILM-WEBDATA\/coachingausbildung\/coaching-ausbildung-stuttgart\/\">Coaching Ausbildung Stuttgart<\/a><\/li>\n<li class=\"sitemap-item page_item page-item-4541\"><a href=\"https:\/\/alpha02.com\/ILM-WEBDATA\/coachingausbildung\/coaching-ausbildung-wiesbaden\/\">Coaching Ausbildung Wiesbaden<\/a><\/li>\n<li class=\"sitemap-item page_item page-item-2 page_item_has_children\"><a href=\"https:\/\/alpha02.com\/ILM-WEBDATA\/coachingausbildung\/\">Coaching Ausbildungen IHK<\/a>\n<ul class='children'>\n\t<li class=\"sitemap-item page_item page-item-11\"><a href=\"https:\/\/alpha02.com\/ILM-WEBDATA\/coachingausbildung\/coaching-ausbildung-ihk\/coachingausbildung-ausbilder\/\">Coaching Ausbildung Ausbilder<\/a><\/li>\n\t<li class=\"sitemap-item page_item page-item-197\"><a href=\"https:\/\/alpha02.com\/ILM-WEBDATA\/coachingausbildung\/coaching-ausbildung-ihk\/coachingausbildung-frankfurt-impressionen\/\">Coaching Ausbildung Frankfurt Impressionen<\/a><\/li>\n\t<li class=\"sitemap-item page_item page-item-37\"><a href=\"https:\/\/alpha02.com\/ILM-WEBDATA\/coachingausbildung\/coaching-ausbildung-ihk\/coachingausbildung-gastdozenten\/\">Coaching Ausbildung Gastdozenten<\/a><\/li>\n<\/ul>\n<\/li>\n<li class=\"sitemap-item page_item page-item-2247\"><a href=\"https:\/\/alpha02.com\/ILM-WEBDATA\/coachingausbildung\/coachingausbildung-datenschutz\/\">Coachingausbildung Datenschutz<\/a><\/li>\n<li class=\"sitemap-item page_item page-item-40 page_item_has_children\"><a href=\"https:\/\/alpha02.com\/ILM-WEBDATA\/coachingausbildung\/life-und-business-coach-ausbildung\/\">Life und Business Coach Ausbildung<\/a>\n<ul class='children'>\n\t<li class=\"sitemap-item page_item page-item-60\"><a href=\"https:\/\/alpha02.com\/ILM-WEBDATA\/coachingausbildung\/life-und-business-coach-ausbildung\/coachingausbildung-impressum\/\">Coaching Ausbildung Impressum<\/a><\/li>\n<\/ul>\n<\/li>\n<li class=\"sitemap-item page_item page-item-2750\"><a href=\"https:\/\/alpha02.com\/ILM-WEBDATA\/coachingausbildung\/coaching-ausbildung-presse\/\">Presse<\/a><\/li>\n<li class=\"sitemap-item page_item page-item-2827\"><a href=\"https:\/\/alpha02.com\/ILM-WEBDATA\/coachingausbildung\/sitemap\/\">Sitemap<\/a><\/li>\n<\/ul><\/div><div class=\"simple-sitemap-wrap\"><h3 class=\"post-type\">Beitr\u00e4ge<\/h3><ul class=\"simple-sitemap-post main\"><li class=\"sitemap-item\"><a href=\"https:\/\/alpha02.com\/ILM-WEBDATA\/coachingausbildung\/12-stopp-techniken-gegen-negative-gedanken-teil-1\/\">12\u00a0Stopp-Techniken gegen negative Gedanken &#8211; Teil 1<\/a><\/li><li class=\"sitemap-item\"><a href=\"https:\/\/alpha02.com\/ILM-WEBDATA\/coachingausbildung\/12-stopp-techniken-um-negative-gedanken-abzuwehren-selbst-coaching-teil-2\/\">12 Stopp-Techniken, um negative Gedanken abzuwehren &#8211; Selbst-Coaching Teil 2<\/a><\/li><li class=\"sitemap-item\"><a href=\"https:\/\/alpha02.com\/ILM-WEBDATA\/coachingausbildung\/aktuell-ganzheitlich-nachgefragt-drei-gruende-fuer-die-business-coaching-ausbildung-an-der-lbca\/\">Aktuell. Ganzheitlich. Nachgefragt. Drei Gr\u00fcnde f\u00fcr die Business Coaching-Ausbildung an der LBCA<\/a><\/li><li class=\"sitemap-item\"><a href=\"https:\/\/alpha02.com\/ILM-WEBDATA\/coachingausbildung\/coaching-und-aktives-zuhoeren-und-umgang-mit-fragetechniken\/\">Coaching und aktives Zuh\u00f6ren und Umgang mit Fragetechniken<\/a><\/li><li class=\"sitemap-item\"><a href=\"https:\/\/alpha02.com\/ILM-WEBDATA\/coachingausbildung\/coachingausbildung-presseartikel-wissenkarriere-04-2014\/\">Coachingausbildung Presseartikel Wissen+Karriere 04 2014<\/a><\/li><li class=\"sitemap-item\"><a href=\"https:\/\/alpha02.com\/ILM-WEBDATA\/coachingausbildung\/der-weg-zum-business-coach-ihk\/\">Der Weg zum Business Coach IHK<\/a><\/li><li class=\"sitemap-item\"><a href=\"https:\/\/alpha02.com\/ILM-WEBDATA\/coachingausbildung\/die-bedeutung-von-stimme-und-koerpersprache-in-business-praesentationen\/\">Die Bedeutung von Stimme und K\u00f6rpersprache in Business-Pr\u00e4sentationen<\/a><\/li><li class=\"sitemap-item\"><a href=\"https:\/\/alpha02.com\/ILM-WEBDATA\/coachingausbildung\/die-goldene-regel-fuer-powerpoint-praesentationen\/\">Die goldene Regel f\u00fcr Powerpoint-Pr\u00e4sentationen<\/a><\/li><li class=\"sitemap-item\"><a href=\"https:\/\/alpha02.com\/ILM-WEBDATA\/coachingausbildung\/die-herausforderung-arbeitswelt-im-wandel\/\">Die Herausforderung &#8211; Arbeitswelt im Wandel<\/a><\/li><li class=\"sitemap-item\"><a href=\"https:\/\/alpha02.com\/ILM-WEBDATA\/coachingausbildung\/die-lindenau-coaching-methode-bringen-sie-ihre-persoenlichkeit-zum-leuchten\/\">Die Lindenau Coaching-Methode: \u201eBringen Sie Ihre Pers\u00f6nlichkeit zum Leuchten\u201c<\/a><\/li><li class=\"sitemap-item\"><a href=\"https:\/\/alpha02.com\/ILM-WEBDATA\/coachingausbildung\/erfolgreicher-abschluss-mit-ihk-zertifikat\/\">Erfolgreicher Abschluss der Coach Ausbildung mit IHK Zertifikat<\/a><\/li><li class=\"sitemap-item\"><a href=\"https:\/\/alpha02.com\/ILM-WEBDATA\/coachingausbildung\/essenzen-der-coachingausbildung-ich-und-du-botschaften\/\">Essenzen der Coachingausbildung: Ich- und Du-Botschaften<\/a><\/li><li class=\"sitemap-item\"><a href=\"https:\/\/alpha02.com\/ILM-WEBDATA\/coachingausbildung\/feedback-von-kunden-zu-kostenfreiem-coaching-coachingausbildung\/\">Feedback von Kunden zu kostenfreiem Coaching &#8211; Coachingausbildung<\/a><\/li><li class=\"sitemap-item\"><a href=\"https:\/\/alpha02.com\/ILM-WEBDATA\/coachingausbildung\/fuehrungskraft-und-coach-eine-gute-idee\/\">F\u00fchrungskraft und Coach \u2013 eine gute Idee?<\/a><\/li><li class=\"sitemap-item\"><a href=\"https:\/\/alpha02.com\/ILM-WEBDATA\/coachingausbildung\/fuehrungskraefte-coaching-warum-lohnt-es-sich-fuehrungskraefte-zu-coachen-teil1\/\">F\u00fchrungskr\u00e4fte-Coaching: Warum lohnt es sich F\u00fchrungskr\u00e4fte zu coachen? (Teil1)<\/a><\/li><li class=\"sitemap-item\"><a href=\"https:\/\/alpha02.com\/ILM-WEBDATA\/coachingausbildung\/fuehrungskraefte-coaching-warum-lohnt-es-sich-fuehrungskraefte-zu-coachen-teil2\/\">F\u00fchrungskr\u00e4fte-Coaching: Warum lohnt es sich F\u00fchrungskr\u00e4fte zu coachen? (Teil2)<\/a><\/li><li class=\"sitemap-item\"><a href=\"https:\/\/alpha02.com\/ILM-WEBDATA\/coachingausbildung\/fuehrungskraefte-coaching-warum-lohnt-es-sich-fuehrungskraefte-zu-coachen-teil3\/\">F\u00fchrungskr\u00e4fte-Coaching: Warum lohnt es sich F\u00fchrungskr\u00e4fte zu coachen? (Teil3)<\/a><\/li><li class=\"sitemap-item\"><a href=\"https:\/\/alpha02.com\/ILM-WEBDATA\/coachingausbildung\/fuehrungskraefte-coaching-warum-lohnt-es-sich-fuehrungskraefte-zu-coachen-teil4\/\">F\u00fchrungskr\u00e4fte-Coaching: Warum lohnt es sich F\u00fchrungskr\u00e4fte zu coachen? (Teil4)<\/a><\/li><li class=\"sitemap-item\"><a href=\"https:\/\/alpha02.com\/ILM-WEBDATA\/coachingausbildung\/hier-finden-sie-gute-coaches-coaching-pool\/\">Hier finden Sie gute Coaches- Coaching-Pool<\/a><\/li><li class=\"sitemap-item\"><a href=\"https:\/\/alpha02.com\/ILM-WEBDATA\/coachingausbildung\/ich-botschaften-im-coaching\/\">Ich-Botschaften im Coaching<\/a><\/li><li class=\"sitemap-item\"><a href=\"https:\/\/alpha02.com\/ILM-WEBDATA\/coachingausbildung\/kostenfreies-coaching-frankfurt\/\">kostenfreies Coaching Frankfurt<\/a><\/li><li class=\"sitemap-item\"><a href=\"https:\/\/alpha02.com\/ILM-WEBDATA\/coachingausbildung\/kraft-der-eigenen-intuition\/\">Kraft der eigenen Intuition<\/a><\/li><li class=\"sitemap-item\"><a href=\"https:\/\/alpha02.com\/ILM-WEBDATA\/coachingausbildung\/kraft-der-frauen\/\">Kraft der Frauen<\/a><\/li><li class=\"sitemap-item\"><a href=\"https:\/\/alpha02.com\/ILM-WEBDATA\/coachingausbildung\/kraft-der-gedanken\/\">Kraft der Gedanken<\/a><\/li><li class=\"sitemap-item\"><a href=\"https:\/\/alpha02.com\/ILM-WEBDATA\/coachingausbildung\/kraft-des-vertrauens-nutzen\/\">Kraft des Vertrauens nutzen<\/a><\/li><li class=\"sitemap-item\"><a href=\"https:\/\/alpha02.com\/ILM-WEBDATA\/coachingausbildung\/lass-zu-was-dich-gross-macht\/\">Lass zu, was Dich gro\u00df macht<\/a><\/li><li class=\"sitemap-item\"><a href=\"https:\/\/alpha02.com\/ILM-WEBDATA\/coachingausbildung\/laura-baxter-gastdozentin-coachingausbildung\/\">Laura Baxter Gastdozentin Coachingausbildung<\/a><\/li><li class=\"sitemap-item\"><a href=\"https:\/\/alpha02.com\/ILM-WEBDATA\/coachingausbildung\/leadership-dozent-fuer-fuehrung-mit-eq\/\">Leadership Dozent f\u00fcr F\u00fchrung mit EQ<\/a><\/li><li class=\"sitemap-item\"><a href=\"https:\/\/alpha02.com\/ILM-WEBDATA\/coachingausbildung\/mehr-mitarbeiterzufriedenheit-dank-coaching\/\">Mehr Mitarbeiterzufriedenheit dank Coaching<\/a><\/li><li class=\"sitemap-item\"><a href=\"https:\/\/alpha02.com\/ILM-WEBDATA\/coachingausbildung\/mitarbeiter-foerdern-warum-chefs-auch-coaches-sein-muessen\/\">Mitarbeiter f\u00f6rdern: Warum Chefs auch Coaches sein m\u00fcssen<\/a><\/li><li class=\"sitemap-item\"><a href=\"https:\/\/alpha02.com\/ILM-WEBDATA\/coachingausbildung\/mut-zur-selbstreflexion-fuehren-heisst-coachen\/\">Mut zur Selbstreflexion \u2013 f\u00fchren hei\u00dft coachen<\/a><\/li><li class=\"sitemap-item\"><a href=\"https:\/\/alpha02.com\/ILM-WEBDATA\/coachingausbildung\/news-zur-coachingausbildung\/\">News zur Coachingausbildung<\/a><\/li><li class=\"sitemap-item\"><a href=\"https:\/\/alpha02.com\/ILM-WEBDATA\/coachingausbildung\/power-of-words\/\">Power of Words<\/a><\/li><li class=\"sitemap-item\"><a href=\"https:\/\/alpha02.com\/ILM-WEBDATA\/coachingausbildung\/selbstwert-staerken-mit-coaching-tomato-field-manager-der-tanz-vor-den-groessten-kritikern-der-welt\/\">Selbstwert st\u00e4rken mit Coaching- Tomato Field Manager- der Tanz vor den Gr\u00f6\u00dften Kritikern der Welt<\/a><\/li><li class=\"sitemap-item\"><a href=\"https:\/\/alpha02.com\/ILM-WEBDATA\/coachingausbildung\/selftalk-und-glaubenssaetze-verstehen-vergleichen-und-beispiele-fuer-auswirkungen\/\">Selftalk und Glaubenss\u00e4tze: Verstehen, Vergleichen und Beispiele f\u00fcr Auswirkungen<\/a><\/li><li class=\"sitemap-item\"><a href=\"https:\/\/alpha02.com\/ILM-WEBDATA\/coachingausbildung\/test-test\/\">Test Test<\/a><\/li><li class=\"sitemap-item\"><a href=\"https:\/\/alpha02.com\/ILM-WEBDATA\/coachingausbildung\/warum-chefs-von-einer-coaching-ausbildung-profitieren\/\">Warum Chefs von einer Coaching-Ausbildung profitieren<\/a><\/li><li class=\"sitemap-item\"><a href=\"https:\/\/alpha02.com\/ILM-WEBDATA\/coachingausbildung\/warum-coaching-gerade-fuer-frauen-so-wertvoll-ist\/\">Warum Coaching gerade f\u00fcr Frauen so wertvoll ist<\/a><\/li><li class=\"sitemap-item\"><a href=\"https:\/\/alpha02.com\/ILM-WEBDATA\/coachingausbildung\/was-ist-das-wertequadrat-und-wie-koennen-sie-es-im-einzel-coaching-einsetzen\/\">Was ist das Wertequadrat und wie k\u00f6nnen Sie es im Einzel-Coaching einsetzen?<\/a><\/li><li class=\"sitemap-item\"><a href=\"https:\/\/alpha02.com\/ILM-WEBDATA\/coachingausbildung\/was-ist-der-unterschied-von-ich-du-botschaften\/\">Was ist der Unterschied von Ich-\/ Du-Botschaften?<\/a><\/li><li class=\"sitemap-item\"><a href=\"https:\/\/alpha02.com\/ILM-WEBDATA\/coachingausbildung\/was-ist-selftalk\/\">Was ist Self-Talk?<\/a><\/li><li class=\"sitemap-item\"><a href=\"https:\/\/alpha02.com\/ILM-WEBDATA\/coachingausbildung\/weiterbildungsangebot-online\/\">Weiterbildungsangebot Online auf onlifeclasses.academy<\/a><\/li><li class=\"sitemap-item\"><a href=\"https:\/\/alpha02.com\/ILM-WEBDATA\/coachingausbildung\/welche-fragetechniken-sind-im-coaching-am-hilfreichsten\/\">Welche Fragetechniken sind im Coaching am hilfreichsten?<\/a><\/li><li class=\"sitemap-item\"><a href=\"https:\/\/alpha02.com\/ILM-WEBDATA\/coachingausbildung\/welche-zwei-gegensaetzliche-eigenschaften-sie-als-fuehrungskraft-wissenschaftlich-erwiesen-erfolgreicher-machen\/\">Welche zwei gegens\u00e4tzliche Eigenschaften Sie als F\u00fchrungskraft wissenschaftlich erwiesen erfolgreicher machen<\/a><\/li><li class=\"sitemap-item\"><a href=\"https:\/\/alpha02.com\/ILM-WEBDATA\/coachingausbildung\/wie-viel-coaching-braucht-fuehrung-4-0\/\">Wie viel Coaching braucht F\u00fchrung 4.0?<\/a><\/li><li class=\"sitemap-item\"><a href=\"https:\/\/alpha02.com\/ILM-WEBDATA\/coachingausbildung\/wie-wir-wissenschaftlich-erwiesen-gluecklich-und-sorglos-leben-und-fuehren\/\">Wie wir wissenschaftlich erwiesen gl\u00fccklich und sorglos leben und f\u00fchren<\/a><\/li><li class=\"sitemap-item\"><a href=\"https:\/\/alpha02.com\/ILM-WEBDATA\/coachingausbildung\/wir-wuenschen-frohe-weihnachten-und-einen-gluecklichen-start-ins-neue-jahr-2018\/\">Wir w\u00fcnschen frohe Weihnachten und einen gl\u00fccklichen Start ins neue Jahr 2018<\/a><\/li><li class=\"sitemap-item\"><a href=\"https:\/\/alpha02.com\/ILM-WEBDATA\/coachingausbildung\/zu-sich-selbst-finden-und-zueinander-finden-von-daniela-gudlin\/\">Zu sich selbst finden und zueinander finden. \u2013 von Daniela Gudlin<\/a><\/li><li class=\"sitemap-item\"><a href=\"https:\/\/alpha02.com\/ILM-WEBDATA\/coachingausbildung\/zuhoeren-eine-kunst-nicht-nur-im-coaching\/\">Zuh\u00f6ren \u2013 Eine Kunst, nicht nur im Coaching<\/a><\/li><\/ul><\/div><\/div><br style=\"clear: left;\">\n","protected":false},"excerpt":{"rendered":"","protected":false},"author":5,"featured_media":2712,"parent":0,"menu_order":0,"comment_status":"closed","ping_status":"closed","template":"","meta":{"footnotes":""},"_links":{"self":[{"href":"https:\/\/alpha02.com\/ILM-WEBDATA\/coachingausbildung\/wp-json\/wp\/v2\/pages\/2827"}],"collection":[{"href":"https:\/\/alpha02.com\/ILM-WEBDATA\/coachingausbildung\/wp-json\/wp\/v2\/pages"}],"about":[{"href":"https:\/\/alpha02.com\/ILM-WEBDATA\/coachingausbildung\/wp-json\/wp\/v2\/types\/page"}],"author":[{"embeddable":true,"href":"https:\/\/alpha02.com\/ILM-WEBDATA\/coachingausbildung\/wp-json\/wp\/v2\/users\/5"}],"replies":[{"embeddable":true,"href":"https:\/\/alpha02.com\/ILM-WEBDATA\/coachingausbildung\/wp-json\/wp\/v2\/comments?post=2827"}],"version-history":[{"count":0,"href":"https:\/\/alpha02.com\/ILM-WEBDATA\/coachingausbildung\/wp-json\/wp\/v2\/pages\/2827\/revisions"}],"wp:featuredmedia":[{"embeddable":true,"href":"https:\/\/alpha02.com\/ILM-WEBDATA\/coachingausbildung\/wp-json\/wp\/v2\/media\/2712"}],"wp:attachment":[{"href":"https:\/\/alpha02.com\/ILM-WEBDATA\/coachingausbildung\/wp-json\/wp\/v2\/media?parent=2827"}],"curies":[{"name":"wp","href":"https:\/\/api.w.org\/{rel}","templated":true}]}}